{"id":107459,"date":"2023-09-29T10:02:20","date_gmt":"2023-09-29T08:02:20","guid":{"rendered":"https:\/\/dev.gobidgroup.com\/informacion-de-privacidad\/"},"modified":"2025-01-27T18:39:08","modified_gmt":"2025-01-27T16:39:08","slug":"informacion-de-privacidad","status":"publish","type":"page","link":"https:\/\/dev.gobidgroup.com\/es\/informacion-de-privacidad\/","title":{"rendered":"Informaci\u00f3n de privacidad"},"content":{"rendered":"\t\t<div data-elementor-type=\"wp-page\" data-elementor-id=\"107459\" class=\"elementor elementor-107459 elementor-100856\">\n\t\t\t\t\t\t\t<div class=\"elementor-element elementor-element-b3958d4 e-con-boxed e-flex e-con\" data-id=\"b3958d4\" data-element_type=\"container\" data-settings=\"{&quot;background_background&quot;:&quot;classic&quot;,&quot;content_width&quot;:&quot;boxed&quot;}\">\n\t\t\t\t\t<div class=\"e-con-inner\">\n\t\t<div class=\"elementor-element elementor-element-04cce4b e-con-boxed e-flex e-con\" data-id=\"04cce4b\" data-element_type=\"container\" data-settings=\"{&quot;background_background&quot;:&quot;classic&quot;,&quot;content_width&quot;:&quot;boxed&quot;}\">\n\t\t\t\t\t<div class=\"e-con-inner\">\n\t\t<div class=\"elementor-element elementor-element-1bc41f5 e-con-full e-flex e-con\" data-id=\"1bc41f5\" data-element_type=\"container\" data-settings=\"{&quot;content_width&quot;:&quot;full&quot;}\">\n\t\t<div class=\"elementor-element elementor-element-46c580b e-con-full e-flex elementor-invisible e-con\" data-id=\"46c580b\" data-element_type=\"container\" data-settings=\"{&quot;content_width&quot;:&quot;full&quot;,&quot;animation&quot;:&quot;fadeInUp&quot;}\">\n\t\t\t\t<div class=\"elementor-element elementor-element-7fb9c64 elementor-widget elementor-widget-heading\" data-id=\"7fb9c64\" data-element_type=\"widget\" data-widget_type=\"heading.default\">\n\t\t\t\t<div class=\"elementor-widget-container\">\n\t\t\t<h2 class=\"elementor-heading-title elementor-size-default\">Informaci\u00f3n de privacidad<\/h2>\t\t<\/div>\n\t\t\t\t<\/div>\n\t\t\t\t<div class=\"elementor-element elementor-element-558b2fe elementor-widget elementor-widget-text-editor\" data-id=\"558b2fe\" data-element_type=\"widget\" data-widget_type=\"text-editor.default\">\n\t\t\t\t<div class=\"elementor-widget-container\">\n\t\t\t\t\t\t\t<div title=\"Page 1\">\n<p class=\"p1\" style=\"text-align: right;\">\u00faltima actualizaci\u00f3n: 29 de septiembre de 2023<\/p>\n<p class=\"p1\">Estimado Usuario,<\/p>\n<p class=\"p2\">de conformidad con los art\u00edculos 13 del Reglamento europeo n. 679\/2016 \u201cReglamento General de Protecci\u00f3n de Datos Personales\u201d, por la presente le brindamos la Informaci\u00f3n relativa al procesamiento de sus Datos Personales. <\/p>\n<p class=\"p2\">Le recordamos que tiene derecho a consultarlos antes de comunicarnos sus Datos Personales, o a ejercer su derecho a oponerse a uno o m\u00e1s fines (fines) del procesamiento indicado en esta Informaci\u00f3n en la secci\u00f3n dedicada.<\/p>\n<p class=\"p1\">secci\u00f3n dedicada.<\/p>\n<p class=\"p1\">El Responsable del tratamiento es:<\/p>\n<p class=\"p2\" style=\"text-align: center;\"><b>Gobid International Auction Group S.r.l.<\/b><\/p>\n<p class=\"p2\" style=\"text-align: center;\">N\u00famero de IVA 09441470961<\/p>\n<p class=\"p2\" style=\"text-align: center;\">S.L. Via Onorato Vigliani, 19 &#8211; 20148 <b>MILANO (MI)<\/b><\/p>\n<p class=\"p2\" style=\"text-align: center;\">S.O. Via A. Merloni, 17\/U &#8211; 62024 <b>MATELICA (MC)<\/b><\/p>\n<p class=\"p2\" style=\"text-align: center;\">Sitios web: www.gobidgroup.com \/ www.gobid.it \/ www.gobidreal.it \/ www.gorealbid.it<\/p>\n<p class=\"p2\" style=\"text-align: center;\">Direcci\u00f3n de correo electr\u00f3nico: legale@gobidgroup.com<\/p>\n<p class=\"p2\" style=\"text-align: center;\">Correo certificado: gobidinternational@pec.it<\/p>\n<\/div>\n<p class=\"p1\">Los principales tratamientos realizados est\u00e1n relacionados con el desarrollo de las actividades leg\u00edtimas del Responsable del tratamiento incluyendo: autenticaci\u00f3n realizada por los usuarios en los portales web, adquisici\u00f3n de documentaci\u00f3n e informaci\u00f3n necesaria para la celebraci\u00f3n de subastas en l\u00ednea, comunicaci\u00f3n de la mencionada documentaci\u00f3n y informaci\u00f3n a los organismos pertinentes y su archivo y conservaci\u00f3n relacionados. Para estos efectos, GOBID INTERNATIONAL AUCTION GROUP S.R.L act\u00faa en calidad de Responsable del Tratamiento de datos personales; limitada a la gesti\u00f3n de la documentaci\u00f3n necesaria para las actividades relacionadas con la participaci\u00f3n en las subastas, compartida con los comitentes y\/o Profesionales designados por el Tribunal, GOBID INTERNATIONAL AUCTION GROUP S.R.L act\u00faa en calidad de corresponsable del tratamiento. <\/p>\n<p class=\"p1\">Con car\u00e1cter general, un riesgo identificable es la posibilidad de que personas no autorizadas o terceros entren en contacto con datos personales de interesados de los cuales GOBID INTERNATIONAL AUCTION GROUP S.R.L. es el Due\u00f1o. Sin embargo, de conformidad con la legislaci\u00f3n vigente, GOBID INTERNATIONAL AUCTION GROUP S.R.L. adopta todas las medidas t\u00e9cnicas y organizativas apropiadas para reducir a un m\u00ednimo aceptable el riesgo de que se produzca la eventualidad referida. <\/p>\n<div title=\"Page 1\">\n<p><b>Datos personales utilizados para la prestaci\u00f3n de servicios<\/b><\/p>\n<p class=\"p1\">Los datos personales recabados y tratados por GOBID INTERNATIONAL AUCTION GROUP S.R.L como Responsable del tratamiento para la prestaci\u00f3n de los Servicios en la introducci\u00f3n pueden incluir: datos personales, datos de contacto, t\u00edtulo profesional, datos fiscales, contables y econ\u00f3micos, datos relativos a la profesi\u00f3n desempe\u00f1ada. y\/o al encargo recibido en relaci\u00f3n con un procedimiento espec\u00edfico, as\u00ed como los documentos de identificaci\u00f3n, documentaci\u00f3n contable y fiscal funcionales a la ejecuci\u00f3n del encargo recibido y\/o preparatorios del mismo.<\/p>\n<p class=\"p1\"><b>Las finalidades (finalidades) para las cuales procesamos sus Datos Personales son las siguientes:<\/b><\/p>\n<ol class=\"ol1\">\n<li class=\"li1\">Cumplimiento de las obligaciones relativas a la actividad realizada por el Responsable del tratamiento y de todas las medidas precontractuales relativas a ellas relacionadas o previas al encargo, as\u00ed como el cumplimiento de las obligaciones legales.<span class=\"Apple-converted-space\">  <\/span>En este caso no se requiere Consentimiento ya que la Base Jur\u00eddica del Tratamiento se encuentra en el contrato suscrito con el Interesado y en todas las medidas precontractuales relativas al mismo, as\u00ed como el Cumplimiento de una Obligaci\u00f3n Legal y la Ejecuci\u00f3n de una Tarea de Inter\u00e9s P\u00fablico que se encomienda al Responsable del tratamiento.<\/li>\n<li class=\"li1\">En el caso de env\u00edo de newsletters y comunicaciones adicionales a las estrictamente necesarias, la Base Legal se puede encontrar en el Consentimiento otorgado por el Cliente.<\/li>\n<\/ol>\n<p class=\"p1\">La lista completa de Destinatarios con quienes podremos tener que compartir sus Datos Personales de acuerdo con la normativa vigente est\u00e1 disponible a su solicitud. La solicitud debe ser transmitida al Responsable del tratamiento sin ninguna formalidad particular. <\/p>\n<p class=\"p1\"><b>Las Categor\u00edas de Destinatarios a quienes se comunicar\u00e1n sus Datos Personales son:<\/b><\/p>\n<p class=\"p1\">1) Societ\u00e0 e Professionisti deputati alla gestione, alla manutenzione e all\u2019assistenza dell\u2019apparato informatico di GOBID INTERNATIONAL AUCTION GROUP S.R.L..<\/p>\n<p class=\"p1\">2) Profesionales del sector contable.<\/p>\n<p class=\"p1\">3) Empresas que administran los dispositivos web de GOBID INTERNATIONAL AUCTION GROUP S.R.L..<\/p>\n<p class=\"p1\">4) Casa de Software y Productores de Soluciones de Software utilizadas por GOBID INTERNATIONAL AUCTION GROUP S.R.L. para el Tratamiento de Datos Personales.<\/p>\n<p class=\"p1\">5) Organismos p\u00fablicos como la Agencia Tributaria, la Polic\u00eda Financiera, u otras entidades que act\u00faen como funcionarios p\u00fablicos, si la comunicaci\u00f3n de sus Datos Personales es una obligaci\u00f3n legal.<\/p>\n<p class=\"p1\">6) Ministerio de Justicia, Juzgados y\/o profesionales designados por los Juzgados y\/o mandantes, cuando la comunicaci\u00f3n de los datos sea imprescindible para el ejercicio de la actividad del Responsable.<\/p>\n<p class=\"p1\">7) Bancos, entidades de cr\u00e9dito y compa\u00f1\u00edas de seguros.<\/p>\n<p class=\"p1\">8) Consultores y profesionales externos.<\/p>\n<p class=\"p1\">Todos los Destinatarios enumerados ser\u00e1n (si corresponde) designados Gerentes y capacitados por GOBID INTERNATIONAL AUCTION GROUP S.R.L. de conformidad con lo establecido en la ley, as\u00ed como obligados a mantener confidencial la informaci\u00f3n transmitida y a suprimirla o devolverla una vez finalizado el tratamiento.<\/p>\n<p class=\"p1\">GOBID INTERNATIONAL AUCTION GROUP S.R.L. no transfiere ni transferir\u00e1 sus Datos personales a organizaciones internacionales o controladores de datos ubicados fuera del Espacio Econ\u00f3mico Europeo. Si decide hacerlo, cumplir\u00e1 escrupulosamente con las disposiciones dictadas por el Reglamento UE 679\/2016 en materia de transferencias al extranjero de datos personales y se encargar\u00e1 de informarle, de conformidad con lo dispuesto en la ley, antes de realizar la transferencia. .  <\/p>\n<p class=\"p1\"><b>GOBID INTERNATIONAL AUCTION GROUP S.R.L. almacenar\u00e1 sus Datos Personales de acuerdo con estos criterios:<\/b><\/p>\n<p class=\"p1\">1) En el caso de Datos Personales sujetos a obligaciones de conservaci\u00f3n establecidas por la legislaci\u00f3n italiana o europea: dentro y no m\u00e1s de los l\u00edmites dictados por la legislaci\u00f3n pertinente, al vencimiento de los cuales ser\u00e1n eliminados o anonimizados.<\/p>\n<p class=\"p1\">2) Trat\u00e1ndose de Datos Personales de clientes personas f\u00edsicas otorgados para las finalidades (finalidades) a que se refiere el punto 2) de las Finalidades: hasta que el interesado revoque su Consentimiento.<\/p>\n<p class=\"p1\">Le informamos que los usuarios registrados en los portales de GOBID INTERNATIONAL AUCTION GROUP S.R.L. que est\u00e9n inactivas por un periodo de tiempo superior a 10 a\u00f1os ser\u00e1n eliminadas.<\/p>\n<p class=\"p1\"><b>A continuaci\u00f3n le explicaremos los derechos de los que disfruta seg\u00fan el Reglamento europeo n. 679\/2016 <\/b>.<\/p>\n<p class=\"p1\">Para ejercer uno o m\u00e1s de los siguientes derechos, simplemente comun\u00edquese con GOBID INTERNATIONAL AUCTION GROUP S.R.L. a los contactos indicados anteriormente sin ninguna formalidad particular.<\/p>\n<p class=\"p1\">El cliente tiene derecho a acceder a los datos personales de su propiedad, en posesi\u00f3n de la Empresa de conformidad con el art. 15 Reglamento UE 679\/2016.  <\/p>\n<p class=\"p1\">De conformidad con el art. 16 del Reglamento, el interesado tiene derecho a obtener del Responsable del tratamiento la rectificaci\u00f3n de los datos personales inexactos que le conciernen. <\/p>\n<p class=\"p1\">El interesado tiene derecho a obtener del Responsable del tratamiento la supresi\u00f3n de los datos personales que le conciernen y el Responsable del tratamiento tiene la obligaci\u00f3n de suprimir los datos personales sin demora injustificada, si se cumplen los motivos indicados por el art. 17 del Reglamento. <\/p>\n<p class=\"p1\">El interesado tiene derecho a obtener del Responsable del tratamiento la limitaci\u00f3n del tratamiento cuando concurran los motivos indicados por el art. 18 del Reglamento <\/p>\n<p class=\"p1\">Para los fines para los que est\u00e1 previsto el Consentimiento, <b>se le garantiza el derecho a revocar el Consentimiento otorgado<\/b>, es decir, a retirarse unilateralmente del procesamiento relacionado con los Fines para los cuales ha otorgado el Consentimiento.<\/p>\n<p class=\"p1\">Si cree que un procesamiento realizado por nosotros le ha causado da\u00f1o o da\u00f1o, o si cree que se ha producido una incorrecci\u00f3n o ilegalidad en el procesamiento de sus Datos personales, se le garantiza el derecho a presentar una queja ante la Autoridad de Control, de acuerdo a los m\u00e9todos indicados por \u00e9l<\/p>\n<p class=\"p1\">La negativa parcial o total a proporcionar sus Datos Personales GOBID INTERNATIONAL AUCTION GROUP S.R.L. har\u00e1 imposible completar la firma de cualquier contrato.<\/p>\n<\/div>\n\t\t\t\t\t\t<\/div>\n\t\t\t\t<\/div>\n\t\t\t\t<\/div>\n\t\t\t\t<\/div>\n\t\t\t\t\t<\/div>\n\t\t\t\t<\/div>\n\t\t\t\t\t<\/div>\n\t\t\t\t<\/div>\n\t\t\t\t\t\t\t<\/div>\n\t\t","protected":false},"excerpt":{"rendered":"<p>Informaci\u00f3n de privacidad \u00faltima actualizaci\u00f3n: 29 de septiembre de 2023 Estimado Usuario, de conformidad con los art\u00edculos 13 del Reglamento europeo n. 679\/2016 \u201cReglamento General de Protecci\u00f3n de Datos Personales\u201d, por la presente le brindamos la Informaci\u00f3n relativa al procesamiento de sus Datos Personales. Le recordamos que tiene derecho a consultarlos antes de comunicarnos sus&hellip;<\/p>\n","protected":false},"author":4,"featured_media":0,"parent":0,"menu_order":121,"comment_status":"closed","ping_status":"closed","template":"elementor_header_footer","meta":{"_seopress_robots_primary_cat":"","om_disable_all_campaigns":false,"_monsterinsights_skip_tracking":false,"_monsterinsights_sitenote_active":false,"_monsterinsights_sitenote_note":"","_monsterinsights_sitenote_category":0,"_uf_show_specific_survey":0,"_uf_disable_surveys":false,"footnotes":""},"aioseo_notices":[],"_links":{"self":[{"href":"https:\/\/dev.gobidgroup.com\/es\/wp-json\/wp\/v2\/pages\/107459"}],"collection":[{"href":"https:\/\/dev.gobidgroup.com\/es\/wp-json\/wp\/v2\/pages"}],"about":[{"href":"https:\/\/dev.gobidgroup.com\/es\/wp-json\/wp\/v2\/types\/page"}],"author":[{"embeddable":true,"href":"https:\/\/dev.gobidgroup.com\/es\/wp-json\/wp\/v2\/users\/4"}],"replies":[{"embeddable":true,"href":"https:\/\/dev.gobidgroup.com\/es\/wp-json\/wp\/v2\/comments?post=107459"}],"version-history":[{"count":1,"href":"https:\/\/dev.gobidgroup.com\/es\/wp-json\/wp\/v2\/pages\/107459\/revisions"}],"predecessor-version":[{"id":107460,"href":"https:\/\/dev.gobidgroup.com\/es\/wp-json\/wp\/v2\/pages\/107459\/revisions\/107460"}],"wp:attachment":[{"href":"https:\/\/dev.gobidgroup.com\/es\/wp-json\/wp\/v2\/media?parent=107459"}],"curies":[{"name":"wp","href":"https:\/\/api.w.org\/{rel}","templated":true}]}}