{"id":107452,"date":"2023-09-29T10:03:47","date_gmt":"2023-09-29T08:03:47","guid":{"rendered":"https:\/\/dev.gobidgroup.com\/cookie-policy\/"},"modified":"2025-01-27T18:24:15","modified_gmt":"2025-01-27T16:24:15","slug":"cookie-policy","status":"publish","type":"page","link":"https:\/\/dev.gobidgroup.com\/es\/cookie-policy\/","title":{"rendered":"Cookie Policy"},"content":{"rendered":"\t\t<div data-elementor-type=\"wp-page\" data-elementor-id=\"107452\" class=\"elementor elementor-107452 elementor-100862\">\n\t\t\t\t\t\t\t<div class=\"elementor-element elementor-element-b3958d4 e-con-boxed e-flex e-con\" data-id=\"b3958d4\" data-element_type=\"container\" data-settings=\"{&quot;background_background&quot;:&quot;classic&quot;,&quot;content_width&quot;:&quot;boxed&quot;}\">\n\t\t\t\t\t<div class=\"e-con-inner\">\n\t\t<div class=\"elementor-element elementor-element-04cce4b e-con-boxed e-flex e-con\" data-id=\"04cce4b\" data-element_type=\"container\" data-settings=\"{&quot;background_background&quot;:&quot;classic&quot;,&quot;content_width&quot;:&quot;boxed&quot;}\">\n\t\t\t\t\t<div class=\"e-con-inner\">\n\t\t<div class=\"elementor-element elementor-element-1bc41f5 e-con-full e-flex e-con\" data-id=\"1bc41f5\" data-element_type=\"container\" data-settings=\"{&quot;content_width&quot;:&quot;full&quot;}\">\n\t\t<div class=\"elementor-element elementor-element-46c580b e-con-full e-flex elementor-invisible e-con\" data-id=\"46c580b\" data-element_type=\"container\" data-settings=\"{&quot;content_width&quot;:&quot;full&quot;,&quot;animation&quot;:&quot;fadeInUp&quot;}\">\n\t\t\t\t<div class=\"elementor-element elementor-element-7fb9c64 elementor-widget elementor-widget-heading\" data-id=\"7fb9c64\" data-element_type=\"widget\" data-widget_type=\"heading.default\">\n\t\t\t\t<div class=\"elementor-widget-container\">\n\t\t\t<h2 class=\"elementor-heading-title elementor-size-default\">Cookie policy<\/h2>\t\t<\/div>\n\t\t\t\t<\/div>\n\t\t\t\t<div class=\"elementor-element elementor-element-558b2fe elementor-widget elementor-widget-text-editor\" data-id=\"558b2fe\" data-element_type=\"widget\" data-widget_type=\"text-editor.default\">\n\t\t\t\t<div class=\"elementor-widget-container\">\n\t\t\t\t\t\t\t<div title=\"Page 1\">\n<p class=\"p1\" style=\"text-align: right;\">\u00faltima actualizaci\u00f3n: 29 de septiembre de 2023<\/p>\n<p class=\"p1\">Gobid Grupo de Subastas Internacionales s.r.l. &#8211; domicilio social en Via P.O. Vigliani n. 19, Mil\u00e1n (MI) &#8211; es el responsable del tratamiento de datos (&#8220;Propietario&#8221;). Esta informaci\u00f3n complementa la <i><a style=\"color: black;\" href=\"https:\/\/gobidgroup.com\/privacy\"><span class=\"s1\">Pol\u00edtica de Privacidad<\/span><\/a><\/i>, a la que se hace referencia para su exhaustividad, y tiene como objetivo informar a los Usuarios de nuestro sitio web, www.gobidgroup.com, sobre el uso de cookies y otras tecnolog\u00edas de tratamiento que se llevan a cabo.  <\/p>\n<p class=\"p2\"><b>Que son las galletas<\/b><\/p>\n<p class=\"p1\">Las cookies son peque\u00f1os datos que se env\u00edan por el servidor web al terminal o dispositivo del Usuario durante la navegaci\u00f3n; estos datos son almacenados para ser retransmitidos a los mismos servidores web en posteriores visitas, con el fin de adquirir informaci\u00f3n espec\u00edfica sobre la actividad realizada por el Usuario en el sitio web visitado.<\/p>\n<p class=\"p1\">Por lo tanto, nuestras cookies pueden almacenarse en su dispositivo, de forma permanente o tener una duraci\u00f3n limitada; se pueden instalar directamente desde nuestro sitio (cookies propias) o desde otros sitios web (cookies de terceros) como se indica en la siguiente tabla.<\/p>\n<p class=\"p2\">Utilizamos <i>cookies t\u00e9cnicas<\/i>, necesarias para garantizar el correcto y mejor funcionamiento de nuestro sitio, <i>cookies anal\u00edticas\/estad\u00edsticas<\/i> y cookies de <i>marketing\/perfil<\/i>. Algunos tipos de cookies requieren su consentimiento previo, otros no.<\/p>\n<p class=\"p2\"><b>Gesti\u00f3n del consentimiento<\/b><\/p>\n<p class=\"p2\">En este sentido, le recordamos que las cookies t\u00e9cnicas, precisamente porque son necesarias para el correcto funcionamiento de nuestro sitio, se utilizan siempre y no requieren su consentimiento. Para otros tipos de cookies, sin embargo, en cualquier momento usted tiene la posibilidad de modificar el consentimiento prestado, deshabilitando o aceptando todas o algunas de las categor\u00edas presentes &#8211; a excepci\u00f3n de las cookies t\u00e9cnicas\/necesarias &#8211; accediendo a la secci\u00f3n <a class=\"prefsection\" style=\"cursor:pointer;\">Preferenza Cookie<\/a> <\/p>\n<p class=\"p2\">A continuaci\u00f3n encontrar\u00e1 el cuadro resumen con toda la informaci\u00f3n sobre las cookies que utilizamos, la finalidad que persiguen y su caducidad.<\/p>\n<script id=\"CookieDeclaration\" src=\"https:\/\/consent.cookiebot.com\/a2999567-4ee8-42c1-937f-441347f07a67\/cd.js\" data-framework=\"TCFv2.2\" data-culture=\"&lt;wpml_php php_content='PD9waHAgZWNobyAkX1NFU1NJT05bJ3VzZXJfbGluZ3VhJ10gPz4=' \/&gt;\" type=\"text\/javascript\" async=\"\"><\/script>\n\n<\/div>\t\t\t\t\t\t<\/div>\n\t\t\t\t<\/div>\n\t\t\t\t<\/div>\n\t\t\t\t<\/div>\n\t\t\t\t\t<\/div>\n\t\t\t\t<\/div>\n\t\t\t\t\t<\/div>\n\t\t\t\t<\/div>\n\t\t<div class=\"elementor-element elementor-element-746bd57 e-con-boxed e-flex e-con\" data-id=\"746bd57\" data-element_type=\"container\" data-settings=\"{&quot;content_width&quot;:&quot;boxed&quot;}\">\n\t\t\t\t\t<div class=\"e-con-inner\">\n\t\t\t\t<div class=\"elementor-element elementor-element-1664357 elementor-widget elementor-widget-html\" data-id=\"1664357\" data-element_type=\"widget\" data-widget_type=\"html.default\">\n\t\t\t\t<div class=\"elementor-widget-container\">\n\t\t\t<script>const bottone = document.querySelector(\".prefsection\");\n\n      bottone.addEventListener(\"click\", function () {\n        Cookiebot.renew()\n });\n\n<\/script>\t\t<\/div>\n\t\t\t\t<\/div>\n\t\t\t\t\t<\/div>\n\t\t\t\t<\/div>\n\t\t\t\t\t\t\t<\/div>\n\t\t","protected":false},"excerpt":{"rendered":"<p>Cookie policy \u00faltima actualizaci\u00f3n: 29 de septiembre de 2023 Gobid Grupo de Subastas Internacionales s.r.l. &#8211; domicilio social en Via P.O. Vigliani n. 19, Mil\u00e1n (MI) &#8211; es el responsable del tratamiento de datos (&#8220;Propietario&#8221;). Esta informaci\u00f3n complementa la Pol\u00edtica de Privacidad, a la que se hace referencia para su exhaustividad, y tiene como objetivo&hellip;<\/p>\n","protected":false},"author":4,"featured_media":0,"parent":0,"menu_order":121,"comment_status":"closed","ping_status":"closed","template":"elementor_header_footer","meta":{"_seopress_robots_primary_cat":"","om_disable_all_campaigns":false,"_monsterinsights_skip_tracking":false,"_monsterinsights_sitenote_active":false,"_monsterinsights_sitenote_note":"","_monsterinsights_sitenote_category":0,"_uf_show_specific_survey":0,"_uf_disable_surveys":false,"footnotes":""},"aioseo_notices":[],"_links":{"self":[{"href":"https:\/\/dev.gobidgroup.com\/es\/wp-json\/wp\/v2\/pages\/107452"}],"collection":[{"href":"https:\/\/dev.gobidgroup.com\/es\/wp-json\/wp\/v2\/pages"}],"about":[{"href":"https:\/\/dev.gobidgroup.com\/es\/wp-json\/wp\/v2\/types\/page"}],"author":[{"embeddable":true,"href":"https:\/\/dev.gobidgroup.com\/es\/wp-json\/wp\/v2\/users\/4"}],"replies":[{"embeddable":true,"href":"https:\/\/dev.gobidgroup.com\/es\/wp-json\/wp\/v2\/comments?post=107452"}],"version-history":[{"count":1,"href":"https:\/\/dev.gobidgroup.com\/es\/wp-json\/wp\/v2\/pages\/107452\/revisions"}],"predecessor-version":[{"id":107453,"href":"https:\/\/dev.gobidgroup.com\/es\/wp-json\/wp\/v2\/pages\/107452\/revisions\/107453"}],"wp:attachment":[{"href":"https:\/\/dev.gobidgroup.com\/es\/wp-json\/wp\/v2\/media?parent=107452"}],"curies":[{"name":"wp","href":"https:\/\/api.w.org\/{rel}","templated":true}]}}