{"id":107450,"date":"2023-09-04T11:23:06","date_gmt":"2023-09-04T09:23:06","guid":{"rendered":"https:\/\/dev.gobidgroup.com\/condiciones-de-uso\/"},"modified":"2025-01-27T18:14:55","modified_gmt":"2025-01-27T16:14:55","slug":"condiciones-de-uso","status":"publish","type":"page","link":"https:\/\/dev.gobidgroup.com\/es\/condiciones-de-uso\/","title":{"rendered":"Condiciones de uso"},"content":{"rendered":"\t\t<div data-elementor-type=\"wp-page\" data-elementor-id=\"107450\" class=\"elementor elementor-107450 elementor-98615\">\n\t\t\t\t\t\t\t<div class=\"elementor-element elementor-element-b3958d4 e-con-boxed e-flex e-con\" data-id=\"b3958d4\" data-element_type=\"container\" data-settings=\"{&quot;background_background&quot;:&quot;classic&quot;,&quot;content_width&quot;:&quot;boxed&quot;}\">\n\t\t\t\t\t<div class=\"e-con-inner\">\n\t\t<div class=\"elementor-element elementor-element-04cce4b e-con-boxed e-flex e-con\" data-id=\"04cce4b\" data-element_type=\"container\" data-settings=\"{&quot;background_background&quot;:&quot;classic&quot;,&quot;content_width&quot;:&quot;boxed&quot;}\">\n\t\t\t\t\t<div class=\"e-con-inner\">\n\t\t<div class=\"elementor-element elementor-element-1bc41f5 e-con-full e-flex e-con\" data-id=\"1bc41f5\" data-element_type=\"container\" data-settings=\"{&quot;content_width&quot;:&quot;full&quot;}\">\n\t\t<div class=\"elementor-element elementor-element-46c580b e-con-full e-flex elementor-invisible e-con\" data-id=\"46c580b\" data-element_type=\"container\" data-settings=\"{&quot;content_width&quot;:&quot;full&quot;,&quot;animation&quot;:&quot;fadeInUp&quot;}\">\n\t\t\t\t<div class=\"elementor-element elementor-element-7fb9c64 elementor-widget elementor-widget-heading\" data-id=\"7fb9c64\" data-element_type=\"widget\" data-widget_type=\"heading.default\">\n\t\t\t\t<div class=\"elementor-widget-container\">\n\t\t\t<h2 class=\"elementor-heading-title elementor-size-default\">Condiciones de uso<\/h2>\t\t<\/div>\n\t\t\t\t<\/div>\n\t\t\t\t<div class=\"elementor-element elementor-element-558b2fe elementor-widget elementor-widget-text-editor\" data-id=\"558b2fe\" data-element_type=\"widget\" data-widget_type=\"text-editor.default\">\n\t\t\t\t<div class=\"elementor-widget-container\">\n\t\t\t\t\t\t\t<div title=\"Page 1\">\n<div>\n<div>\n<p>Estos T\u00e9rminos de Uso regulan el uso del Sitio www.gobidgroup.com.<\/p>\n<p>El Sitio es propiedad exclusiva de GOBID INTERNATIONAL AUCTION GROUP S.R.L., CIF 09441470961, con domicilio social en Via P.O. Vigliani n. 19, Mil\u00e1n (MI), en adelante Grupo Gobid, que se reserva el derecho de modificar, suspender o cancelar estos T\u00e9rminos de uso, sin previo aviso; el Usuario, por tanto, est\u00e1 obligado a revisar peri\u00f3dicamente las Condiciones y utilizar el Sitio de conformidad con lo que se informa a continuaci\u00f3n. <\/p>\n<p>La utilizaci\u00f3n del Sitio por parte del Usuario se entender\u00e1 como la aceptaci\u00f3n de las Condiciones de uso aqu\u00ed indicadas.<\/p>\n<p><b>Uso del contenido<\/b><\/p>\n<p>Gobid Group se reserva todos los derechos (incluidos los relacionados con la protecci\u00f3n de derechos de autor, marcas comerciales, patentes y otros derechos de propiedad intelectual) en relaci\u00f3n con toda la informaci\u00f3n y el contenido (incluidos textos, im\u00e1genes, gr\u00e1ficos y logotipos) proporcionados por o a trav\u00e9s de este sitio web.<br>Est\u00e1 prohibido copiar, descargar, publicar por cualquier medio o distribuir la informaci\u00f3n de este sitio web sin el permiso por escrito de Gobid Group, que puede solicitarse a la siguiente direcci\u00f3n de correo electr\u00f3nico: info@gobidgroup.com. A menos que se autorice lo contrario, el uso de los mismos est\u00e1 permitido \u00fanicamente para uso personal. <\/p>\n<p><b>Advertencias<\/b><\/p>\n<p>La informaci\u00f3n contenida en este Sitio se proporciona de la manera m\u00e1s precisa y completa posible y proviene de fuentes confiables. Grupo Gobid, en cualquier caso, no ofrece garant\u00eda alguna respecto de la exactitud, exhaustividad y actualidad de los datos e informaci\u00f3n facilitados por o a trav\u00e9s de este Sitio Web, ni asegura su perfecto y constante funcionamiento. <\/p>\n<p>Grupo Gobid no asume ninguna responsabilidad en relaci\u00f3n con cualquier problema que pueda surgir como consecuencia del uso de este sitio web. A menos que la ley indique lo contrario, no se hace responsable de ning\u00fan da\u00f1o causado por el uso de este Sitio, por la incapacidad o imposibilidad de acceder a \u00e9l, por la confianza en la informaci\u00f3n all\u00ed contenida y por su uso. <\/p>\n<p>El Usuario se compromete a utilizar este Sitio Web l\u00edcito y correcto, a no obstaculizar el uso del mismo por otros Usuarios y a no realizar actuaciones que puedan invalidar su funcionamiento y\/o alterar\/alterar los datos y software utilizados.<\/p>\n<p><b>Ley aplicable<\/b><\/p>\n<p>Estas Condiciones se rigen por la ley italiana.<br>Todas las disputas relacionadas con el uso del Sitio o que surjan del mismo estar\u00e1n bajo la jurisdicci\u00f3n exclusiva de la jurisdicci\u00f3n italiana.<\/p><p>Actualizaci\u00f3n 09\/04\/2023<br><\/p>\n<\/div>\n<\/div>\n<\/div>\t\t\t\t\t\t<\/div>\n\t\t\t\t<\/div>\n\t\t\t\t<\/div>\n\t\t\t\t<\/div>\n\t\t\t\t\t<\/div>\n\t\t\t\t<\/div>\n\t\t\t\t\t<\/div>\n\t\t\t\t<\/div>\n\t\t\t\t\t\t\t<\/div>\n\t\t","protected":false},"excerpt":{"rendered":"<p>Condiciones de uso Estos T\u00e9rminos de Uso regulan el uso del Sitio www.gobidgroup.com. El Sitio es propiedad exclusiva de GOBID INTERNATIONAL AUCTION GROUP S.R.L., CIF 09441470961, con domicilio social en Via P.O. Vigliani n. 19, Mil\u00e1n (MI), en adelante Grupo Gobid, que se reserva el derecho de modificar, suspender o cancelar estos T\u00e9rminos de uso,&hellip;<\/p>\n","protected":false},"author":4,"featured_media":0,"parent":0,"menu_order":121,"comment_status":"closed","ping_status":"closed","template":"elementor_header_footer","meta":{"_seopress_robots_primary_cat":"","om_disable_all_campaigns":false,"_monsterinsights_skip_tracking":false,"_monsterinsights_sitenote_active":false,"_monsterinsights_sitenote_note":"","_monsterinsights_sitenote_category":0,"_uf_show_specific_survey":0,"_uf_disable_surveys":false,"footnotes":""},"aioseo_notices":[],"_links":{"self":[{"href":"https:\/\/dev.gobidgroup.com\/es\/wp-json\/wp\/v2\/pages\/107450"}],"collection":[{"href":"https:\/\/dev.gobidgroup.com\/es\/wp-json\/wp\/v2\/pages"}],"about":[{"href":"https:\/\/dev.gobidgroup.com\/es\/wp-json\/wp\/v2\/types\/page"}],"author":[{"embeddable":true,"href":"https:\/\/dev.gobidgroup.com\/es\/wp-json\/wp\/v2\/users\/4"}],"replies":[{"embeddable":true,"href":"https:\/\/dev.gobidgroup.com\/es\/wp-json\/wp\/v2\/comments?post=107450"}],"version-history":[{"count":1,"href":"https:\/\/dev.gobidgroup.com\/es\/wp-json\/wp\/v2\/pages\/107450\/revisions"}],"predecessor-version":[{"id":107451,"href":"https:\/\/dev.gobidgroup.com\/es\/wp-json\/wp\/v2\/pages\/107450\/revisions\/107451"}],"wp:attachment":[{"href":"https:\/\/dev.gobidgroup.com\/es\/wp-json\/wp\/v2\/media?parent=107450"}],"curies":[{"name":"wp","href":"https:\/\/api.w.org\/{rel}","templated":true}]}}